{"id":15082,"date":"2023-10-31T11:06:23","date_gmt":"2023-10-31T11:06:23","guid":{"rendered":"https:\/\/basereps.com\/furcht-vor-gott-essentials-pullover-hoodie\/"},"modified":"2024-06-27T03:27:04","modified_gmt":"2024-06-27T03:27:04","slug":"furcht-vor-gott-essentials-pullover-hoodie","status":"publish","type":"product","link":"https:\/\/basereps.com\/de\/produkt\/furcht-vor-gott-essentials-pullover-hoodie\/","title":{"rendered":"Furcht vor Gott Essentials Pullover Hoodie"},"content":{"rendered":"<p><span data-preserver-spaces=\"true\">Die<\/span><strong><br \/>\n  <span data-preserver-spaces=\"true\"> Fear of God Essentials Pullover-Hoodie<\/span><br \/>\n<\/strong><span data-preserver-spaces=\"true\"> ist ein Beispiel f\u00fcr zeitgem\u00e4\u00dfe Streetwear-Mode, die m\u00fchelosen Stil mit unvergleichlichem Komfort verbindet. <\/span> <span data-preserver-spaces=\"true\">Dieser Kapuzenpullover aus der begehrten Essentials-Kollektion ist perfekt f\u00fcr alle, die Wert auf \u00c4sthetik und Funktionalit\u00e4t legen. Ihr minimalistisches Design, gepaart mit dem unverwechselbaren Fear of God-Branding, macht sie zu einem Must-have f\u00fcr Modebegeisterte.<\/span><\/p>\n","protected":false},"excerpt":{"rendered":"<p>Die Fear of God Essentials Pullover-Hoodie ist ein Beispiel f\u00fcr zeitgem\u00e4\u00dfe Streetwear-Mode, die m\u00fchelosen Stil mit unvergleichlichem Komfort&hellip;<\/p>\n","protected":false},"featured_media":14242,"comment_status":"open","ping_status":"closed","template":"","meta":{"_acf_changed":false},"product_cat":[688,793,779,778,820,803,808],"product_tag":[910,909],"class_list":{"0":"post-15082","1":"product","2":"type-product","3":"status-publish","4":"has-post-thumbnail","6":"product_cat-damen-replica-kollektion","7":"product_cat-herren-kollektion","8":"product_cat-hoodies-kapuzenpullover-fuer-damen","9":"product_cat-kollektion-damenbekleidung","10":"product_cat-online-produkte-verkaufen","11":"product_cat-replica-bekleidung-fuer-herren","12":"product_cat-replica-sweatshirts-fur-herren","13":"product_tag-men-de","14":"product_tag-women-de","15":"product_brand-fear-of-god-reps","17":"first","18":"instock","19":"sale","20":"taxable","21":"shipping-taxable","22":"purchasable","23":"product-type-variable"},"acf":[],"jetpack_sharing_enabled":true,"_links":{"self":[{"href":"https:\/\/basereps.com\/de\/wp-json\/wp\/v2\/product\/15082","targetHints":{"allow":["GET"]}}],"collection":[{"href":"https:\/\/basereps.com\/de\/wp-json\/wp\/v2\/product"}],"about":[{"href":"https:\/\/basereps.com\/de\/wp-json\/wp\/v2\/types\/product"}],"replies":[{"embeddable":true,"href":"https:\/\/basereps.com\/de\/wp-json\/wp\/v2\/comments?post=15082"}],"version-history":[{"count":1,"href":"https:\/\/basereps.com\/de\/wp-json\/wp\/v2\/product\/15082\/revisions"}],"predecessor-version":[{"id":17329,"href":"https:\/\/basereps.com\/de\/wp-json\/wp\/v2\/product\/15082\/revisions\/17329"}],"wp:featuredmedia":[{"embeddable":true,"href":"https:\/\/basereps.com\/de\/wp-json\/wp\/v2\/media\/14242"}],"wp:attachment":[{"href":"https:\/\/basereps.com\/de\/wp-json\/wp\/v2\/media?parent=15082"}],"wp:term":[{"taxonomy":"product_cat","embeddable":true,"href":"https:\/\/basereps.com\/de\/wp-json\/wp\/v2\/product_cat?post=15082"},{"taxonomy":"product_tag","embeddable":true,"href":"https:\/\/basereps.com\/de\/wp-json\/wp\/v2\/product_tag?post=15082"}],"curies":[{"name":"wp","href":"https:\/\/api.w.org\/{rel}","templated":true}]}}