{"id":15056,"date":"2023-10-31T11:08:21","date_gmt":"2023-10-31T11:08:21","guid":{"rendered":"https:\/\/basereps.com\/lv-replik-loop-schwarz\/"},"modified":"2024-04-13T22:48:31","modified_gmt":"2024-04-13T22:48:31","slug":"lv-replik-loop-schwarz","status":"publish","type":"product","link":"https:\/\/basereps.com\/de\/produkt\/lv-replik-loop-schwarz\/","title":{"rendered":"LV Replik Loop Schwarz"},"content":{"rendered":"<p><span data-preserver-spaces=\"true\">Treten Sie ein in zeitlose Eleganz mit dem <\/span><strong><br \/>\n  <span data-preserver-spaces=\"true\">LV Replik Loop Schwarz<\/span><br \/>\n<\/strong><span data-preserver-spaces=\"true\">  &#8211; ein modisches Meisterwerk, das Raffinesse und Stil ausstrahlt. Diese sorgf\u00e4ltig gefertigte Replik ist eine Hommage an das ikonische Design von Louis Vuitton und bietet eine verbl\u00fcffende \u00c4hnlichkeit zu einem erschwinglichen Preis. Die Verlockung des  <\/span><strong><br \/>\n  <span data-preserver-spaces=\"true\">LV Replica Loop Schwarz<\/span><br \/>\n<\/strong><span data-preserver-spaces=\"true\"> liegt in der Liebe zum Detail, die die Essenz des Luxus ohne Kompromisse einf\u00e4ngt.<\/span><\/p>\n<p><span data-preserver-spaces=\"true\">Genie\u00dfen Sie das elegante und schicke Design der <\/span><strong><br \/>\n  <span data-preserver-spaces=\"true\">LV Replik Loop Schwarz<\/span><br \/>\n<\/strong><span data-preserver-spaces=\"true\">  denn sie wird m\u00fchelos zum Mittelpunkt Ihrer Accessoire-Kollektion. Diese klassisch schwarze Replik strahlt eine gewisse Raffinesse und Vielseitigkeit aus. Das Schlingendesign verleiht ihm eine moderne Note und sorgt f\u00fcr einen fesselnden optischen Reiz, der jedes legere oder formelle Outfit erg\u00e4nzt.<\/span><\/p>\n<p><span data-preserver-spaces=\"true\">G\u00f6nnen Sie sich das Luxus-Erlebnis mit der <\/span><strong><br \/>\n  <span data-preserver-spaces=\"true\">LV Replik Loop Schwarz<\/span><br \/>\n<\/strong><span data-preserver-spaces=\"true\">  &#8211; ein modisches Statement, das \u00fcber Trends hinausgeht. Die sorgf\u00e4ltige Handwerkskunst ist in jedem Detail erkennbar und macht diese Replik zu einer auff\u00e4lligen Erg\u00e4nzung Ihrer Garderobe. Die geschlungene Silhouette unterstreicht seine \u00c4sthetik und ist praktisch f\u00fcr den t\u00e4glichen Gebrauch.<\/span><\/p>\n<p><span data-preserver-spaces=\"true\">Er\u00f6ffnen Sie sich eine Welt voller stilistischer M\u00f6glichkeiten und setzen Sie ein mutiges Modestatement mit der kultigen <\/span><strong><br \/>\n  <span data-preserver-spaces=\"true\">LV Replik<\/span><br \/>\n<\/strong><span data-preserver-spaces=\"true\">. Diese Replikat-Tasche ist mehr als ein Accessoire; sie symbolisiert Ihren anspruchsvollen Geschmack und Ihre Wertsch\u00e4tzung f\u00fcr zeitloses Design. Erh\u00f6hen Sie Ihr Ensemble mit dem unverwechselbaren Charme der  <\/span><strong><br \/>\n  <span data-preserver-spaces=\"true\">LV Replik<\/span><br \/>\n<\/strong><span data-preserver-spaces=\"true\">die Ihre modische Aufgeschlossenheit und Ihre Vorliebe f\u00fcr kultigen Luxus unter Beweis stellen.<\/span><\/p>\n","protected":false},"excerpt":{"rendered":"<p>Treten Sie ein in zeitlose Eleganz mit dem LV Replik Loop Schwarz &#8211; ein modisches Meisterwerk, das Raffinesse&hellip;<\/p>\n","protected":false},"featured_media":14478,"comment_status":"open","ping_status":"closed","template":"","meta":{"_acf_changed":false},"product_cat":[688,789,791],"product_tag":[686],"class_list":{"0":"post-15056","1":"product","2":"type-product","3":"status-publish","4":"has-post-thumbnail","6":"product_cat-damen-replica-kollektion","7":"product_cat-replica-taschen-fuer-damen","8":"product_cat-umhaengetaschen-schultertaschen-fuer-damen","9":"product_tag-frauen","10":"product_brand-louis-vuitton-replica","12":"first","13":"instock","14":"sale","15":"taxable","16":"shipping-taxable","17":"purchasable","18":"product-type-variable"},"acf":[],"jetpack_sharing_enabled":true,"_links":{"self":[{"href":"https:\/\/basereps.com\/de\/wp-json\/wp\/v2\/product\/15056","targetHints":{"allow":["GET"]}}],"collection":[{"href":"https:\/\/basereps.com\/de\/wp-json\/wp\/v2\/product"}],"about":[{"href":"https:\/\/basereps.com\/de\/wp-json\/wp\/v2\/types\/product"}],"replies":[{"embeddable":true,"href":"https:\/\/basereps.com\/de\/wp-json\/wp\/v2\/comments?post=15056"}],"version-history":[{"count":1,"href":"https:\/\/basereps.com\/de\/wp-json\/wp\/v2\/product\/15056\/revisions"}],"predecessor-version":[{"id":17321,"href":"https:\/\/basereps.com\/de\/wp-json\/wp\/v2\/product\/15056\/revisions\/17321"}],"wp:featuredmedia":[{"embeddable":true,"href":"https:\/\/basereps.com\/de\/wp-json\/wp\/v2\/media\/14478"}],"wp:attachment":[{"href":"https:\/\/basereps.com\/de\/wp-json\/wp\/v2\/media?parent=15056"}],"wp:term":[{"taxonomy":"product_cat","embeddable":true,"href":"https:\/\/basereps.com\/de\/wp-json\/wp\/v2\/product_cat?post=15056"},{"taxonomy":"product_tag","embeddable":true,"href":"https:\/\/basereps.com\/de\/wp-json\/wp\/v2\/product_tag?post=15056"}],"curies":[{"name":"wp","href":"https:\/\/api.w.org\/{rel}","templated":true}]}}