{"id":15054,"date":"2023-10-31T11:09:45","date_gmt":"2023-10-31T11:09:45","guid":{"rendered":"https:\/\/basereps.com\/retro-nuptse-jacke\/"},"modified":"2024-04-13T22:48:27","modified_gmt":"2024-04-13T22:48:27","slug":"retro-nuptse-jacke","status":"publish","type":"product","link":"https:\/\/basereps.com\/de\/produkt\/retro-nuptse-jacke\/","title":{"rendered":"Retro Nuptse Jacke"},"content":{"rendered":"<p><span data-preserver-spaces=\"true\">Die Retro Nuptse Jacket ist eine Reise in die Vergangenheit mit einem modernen Twist. <\/span><strong><br \/>\n  <span data-preserver-spaces=\"true\">Retro Nuptse Jacke<\/span><br \/>\n<\/strong><span data-preserver-spaces=\"true\">ein Klassiker, der f\u00fcr die heutigen Anforderungen an Mode und Funktionalit\u00e4t neu erfunden wurde. Diese Jacke l\u00e4sst das kultige Nuptse-Design aus den 90er Jahren wieder aufleben und verbindet nostalgische Vibes mit moderner Performance. Ideal f\u00fcr alle, die den Vintage-Stil zu sch\u00e4tzen wissen, ohne dabei auf modernen Komfort und Technologie verzichten zu m\u00fcssen. Er ist ein Statement, das sowohl in puncto Langlebigkeit als auch in puncto Trend den Test der Zeit besteht.<\/span><\/p>\n","protected":false},"excerpt":{"rendered":"<p>Die Retro Nuptse Jacket ist eine Reise in die Vergangenheit mit einem modernen Twist. Retro Nuptse Jacke ein&hellip;<\/p>\n","protected":false},"featured_media":14244,"comment_status":"open","ping_status":"closed","template":"","meta":{"_acf_changed":false},"product_cat":[688,780,793,778,818,820,803,804],"product_tag":[910,909],"class_list":{"0":"post-15054","1":"product","2":"type-product","3":"status-publish","4":"has-post-thumbnail","6":"product_cat-damen-replica-kollektion","7":"product_cat-frauen-reps-jacken","8":"product_cat-herren-kollektion","9":"product_cat-kollektion-damenbekleidung","10":"product_cat-neu-in","11":"product_cat-online-produkte-verkaufen","12":"product_cat-replica-bekleidung-fuer-herren","13":"product_cat-replica-herren-jacken-online-kaufen","14":"product_tag-men-de","15":"product_tag-women-de","16":"product_brand-the-north-face-reps","18":"first","19":"instock","20":"sale","21":"taxable","22":"shipping-taxable","23":"purchasable","24":"product-type-variable"},"acf":[],"jetpack_sharing_enabled":true,"_links":{"self":[{"href":"https:\/\/basereps.com\/de\/wp-json\/wp\/v2\/product\/15054","targetHints":{"allow":["GET"]}}],"collection":[{"href":"https:\/\/basereps.com\/de\/wp-json\/wp\/v2\/product"}],"about":[{"href":"https:\/\/basereps.com\/de\/wp-json\/wp\/v2\/types\/product"}],"replies":[{"embeddable":true,"href":"https:\/\/basereps.com\/de\/wp-json\/wp\/v2\/comments?post=15054"}],"version-history":[{"count":1,"href":"https:\/\/basereps.com\/de\/wp-json\/wp\/v2\/product\/15054\/revisions"}],"predecessor-version":[{"id":17314,"href":"https:\/\/basereps.com\/de\/wp-json\/wp\/v2\/product\/15054\/revisions\/17314"}],"wp:featuredmedia":[{"embeddable":true,"href":"https:\/\/basereps.com\/de\/wp-json\/wp\/v2\/media\/14244"}],"wp:attachment":[{"href":"https:\/\/basereps.com\/de\/wp-json\/wp\/v2\/media?parent=15054"}],"wp:term":[{"taxonomy":"product_cat","embeddable":true,"href":"https:\/\/basereps.com\/de\/wp-json\/wp\/v2\/product_cat?post=15054"},{"taxonomy":"product_tag","embeddable":true,"href":"https:\/\/basereps.com\/de\/wp-json\/wp\/v2\/product_tag?post=15054"}],"curies":[{"name":"wp","href":"https:\/\/api.w.org\/{rel}","templated":true}]}}