{"id":15052,"date":"2023-10-31T11:03:47","date_gmt":"2023-10-31T11:03:47","guid":{"rendered":"https:\/\/basereps.com\/studio-baguette-tasche\/"},"modified":"2024-04-13T22:48:47","modified_gmt":"2024-04-13T22:48:47","slug":"studio-baguette-tasche","status":"publish","type":"product","link":"https:\/\/basereps.com\/de\/produkt\/studio-baguette-tasche\/","title":{"rendered":"Studio Baguette Tasche"},"content":{"rendered":"<p><span data-preserver-spaces=\"true\">Erh\u00f6hen Sie Ihr modisches Ensemble mit dem exquisiten Charme der <\/span><strong><br \/>\n  <span data-preserver-spaces=\"true\">Studio Baguette Tasche<\/span><br \/>\n<\/strong><span data-preserver-spaces=\"true\">-ein vielseitiges und fesselndes Accessoire, das \u00fcber Trends hinausgeht und moderne Raffinesse verk\u00f6rpert. Diese sorgf\u00e4ltig gefertigte Tasche strahlt eine zeitlose Eleganz aus und ist ein Muss f\u00fcr alle, die die Verbindung von Stil und Funktionalit\u00e4t sch\u00e4tzen.<\/span><\/p>\n<p><span data-preserver-spaces=\"true\">Die <\/span><strong><br \/>\n  <span data-preserver-spaces=\"true\">Studio Baguette Tasche<\/span><br \/>\n<\/strong><span data-preserver-spaces=\"true\">  zeichnet sich durch ein elegantes, kompaktes Design aus, das klassische Elemente mit modernem Charme verbindet. Die mit Pr\u00e4zision und Sorgfalt gefertigte Tasche verf\u00fcgt \u00fcber eine luxuri\u00f6se Textur, die jedem Outfit einen Hauch von Luxus verleiht. Die sorgf\u00e4ltig ausgew\u00e4hlten Materialien und die sorgf\u00e4ltigen N\u00e4hte tragen zu seiner Langlebigkeit bei und sorgen daf\u00fcr, dass er sowohl den Modesaisons als auch dem t\u00e4glichen Gebrauch gewachsen ist.<\/span><\/p>\n<p><span data-preserver-spaces=\"true\">Die Tasche wurde f\u00fcr die moderne Frau, die viel unterwegs ist, entworfen und bietet ein gut organisiertes Innenleben mit F\u00e4chern, in denen Sie Ihre wichtigsten Dinge m\u00fchelos unterbringen k\u00f6nnen. Die strukturierte Silhouette beh\u00e4lt ihre raffinierte Form bei, egal ob sie am oberen Henkel getragen oder mit dem verstellbaren Riemen \u00fcber die Schulter geh\u00e4ngt wird, was vielseitige Stylingoptionen erm\u00f6glicht.<\/span><\/p>\n<p><span data-preserver-spaces=\"true\">Die subtilen und doch unverwechselbaren Details der <\/span><strong><br \/>\n  <span data-preserver-spaces=\"true\">Studio Baguette Tasche<\/span><br \/>\n<\/strong><span data-preserver-spaces=\"true\">  seine Attraktivit\u00e4t weiter erh\u00f6hen. Goldfarbene Hardware-Akzente und das gepr\u00e4gte Logo verleihen der Tasche einen raffinierten Touch und spiegeln das Engagement f\u00fcr hochwertige Handwerkskunst wider. Die neutrale Farbpalette sorgt f\u00fcr Vielseitigkeit und macht ihn zu einer nahtlosen Erg\u00e4nzung f\u00fcr legere und formelle Ensembles.<\/span><\/p>\n<p><span data-preserver-spaces=\"true\">Setzen Sie ein Zeichen mit der <\/span><strong><br \/>\n  <span data-preserver-spaces=\"true\">Studio Baguette Tasche<\/span><br \/>\n<\/strong><span data-preserver-spaces=\"true\">-eine Verk\u00f6rperung von zeitgem\u00e4\u00dfem Luxus, Zweckm\u00e4\u00dfigkeit und dauerhaftem Stil. Ob in der Stadt oder bei besonderen Anl\u00e4ssen, diese Tasche zeugt von Ihrem anspruchsvollen Geschmack und Ihrer Vorliebe f\u00fcr Accessoires, die Mode und Funktion nahtlos verbinden. Lassen Sie sich von der Verlockung des  <\/span><strong><br \/>\n  <span data-preserver-spaces=\"true\">Studio Baguette Tasche<\/span><br \/>\n<\/strong><span data-preserver-spaces=\"true\">, wo Raffinesse auf allt\u00e4gliche Eleganz trifft.<\/span><\/p>\n","protected":false},"excerpt":{"rendered":"<p>Erh\u00f6hen Sie Ihr modisches Ensemble mit dem exquisiten Charme der Studio Baguette Tasche -ein vielseitiges und fesselndes Accessoire,&hellip;<\/p>\n","protected":false},"featured_media":14458,"comment_status":"open","ping_status":"closed","template":"","meta":{"_acf_changed":false},"product_cat":[688,820,789,792],"product_tag":[686],"class_list":{"0":"post-15052","1":"product","2":"type-product","3":"status-publish","4":"has-post-thumbnail","6":"product_cat-damen-replica-kollektion","7":"product_cat-online-produkte-verkaufen","8":"product_cat-replica-taschen-fuer-damen","9":"product_cat-tote-bags-fuer-damen","10":"product_tag-frauen","11":"product_brand-coach-reps","13":"first","14":"instock","15":"sale","16":"taxable","17":"shipping-taxable","18":"purchasable","19":"product-type-variable"},"acf":[],"jetpack_sharing_enabled":true,"_links":{"self":[{"href":"https:\/\/basereps.com\/de\/wp-json\/wp\/v2\/product\/15052","targetHints":{"allow":["GET"]}}],"collection":[{"href":"https:\/\/basereps.com\/de\/wp-json\/wp\/v2\/product"}],"about":[{"href":"https:\/\/basereps.com\/de\/wp-json\/wp\/v2\/types\/product"}],"replies":[{"embeddable":true,"href":"https:\/\/basereps.com\/de\/wp-json\/wp\/v2\/comments?post=15052"}],"version-history":[{"count":1,"href":"https:\/\/basereps.com\/de\/wp-json\/wp\/v2\/product\/15052\/revisions"}],"predecessor-version":[{"id":17332,"href":"https:\/\/basereps.com\/de\/wp-json\/wp\/v2\/product\/15052\/revisions\/17332"}],"wp:featuredmedia":[{"embeddable":true,"href":"https:\/\/basereps.com\/de\/wp-json\/wp\/v2\/media\/14458"}],"wp:attachment":[{"href":"https:\/\/basereps.com\/de\/wp-json\/wp\/v2\/media?parent=15052"}],"wp:term":[{"taxonomy":"product_cat","embeddable":true,"href":"https:\/\/basereps.com\/de\/wp-json\/wp\/v2\/product_cat?post=15052"},{"taxonomy":"product_tag","embeddable":true,"href":"https:\/\/basereps.com\/de\/wp-json\/wp\/v2\/product_tag?post=15052"}],"curies":[{"name":"wp","href":"https:\/\/api.w.org\/{rel}","templated":true}]}}