{"id":15026,"date":"2023-10-31T11:03:37","date_gmt":"2023-10-31T11:03:37","guid":{"rendered":"https:\/\/basereps.com\/vegane-tazz-pantoffeln\/"},"modified":"2024-04-13T22:48:53","modified_gmt":"2024-04-13T22:48:53","slug":"vegane-tazz-pantoffeln","status":"publish","type":"product","link":"https:\/\/basereps.com\/de\/produkt\/vegane-tazz-pantoffeln\/","title":{"rendered":"Vegane Tazz-Pantoffeln"},"content":{"rendered":"<p>Mit den Vegan Tazz Slippers, einer perfekten Mischung aus umweltbewusstem Design und kuscheligem Luxus, werden Komfort und Nachhaltigkeit vereint. Diese Hausschuhe sind ideal f\u00fcr den Hausgebrauch und werden sorgf\u00e4ltig aus hochwertigen, tierversuchsfreien Materialien hergestellt, so dass jeder Schritt ein Schritt in Richtung ethische Mode ist. Sie sind nicht nur eine umweltfreundliche Alternative zu herk\u00f6mmlichen Schuhen, sondern bieten dank ihres weichen, st\u00fctzenden Designs auch unvergleichlichen Komfort. Die robuste Konstruktion verspricht eine lange Lebensdauer, w\u00e4hrend die schlichte, moderne \u00c4sthetik Ihrer Loungewear einen Hauch von Eleganz verleiht. Mit den Vegan Tazz Slippers k\u00f6nnen Sie die Gewissheit genie\u00dfen, umweltbewusste Entscheidungen zu treffen, ohne jemals auf den Luxus des Komforts verzichten zu m\u00fcssen.<\/p>\n","protected":false},"excerpt":{"rendered":"<p>Mit den Vegan Tazz Slippers, einer perfekten Mischung aus umweltbewusstem Design und kuscheligem Luxus, werden Komfort und Nachhaltigkeit&hellip;<\/p>\n","protected":false},"featured_media":11418,"comment_status":"open","ping_status":"closed","template":"","meta":{"_acf_changed":false},"product_cat":[688,785,820,788],"product_tag":[909],"class_list":{"0":"post-15026","1":"product","2":"type-product","3":"status-publish","4":"has-post-thumbnail","6":"product_cat-damen-replica-kollektion","7":"product_cat-damenschuhe-guenstig","8":"product_cat-online-produkte-verkaufen","9":"product_cat-pantoletten-fuer-damen","10":"product_tag-women-de","11":"product_brand-ugg-reps","13":"first","14":"instock","15":"sale","16":"taxable","17":"shipping-taxable","18":"purchasable","19":"product-type-variable"},"acf":[],"jetpack_sharing_enabled":true,"_links":{"self":[{"href":"https:\/\/basereps.com\/de\/wp-json\/wp\/v2\/product\/15026","targetHints":{"allow":["GET"]}}],"collection":[{"href":"https:\/\/basereps.com\/de\/wp-json\/wp\/v2\/product"}],"about":[{"href":"https:\/\/basereps.com\/de\/wp-json\/wp\/v2\/types\/product"}],"replies":[{"embeddable":true,"href":"https:\/\/basereps.com\/de\/wp-json\/wp\/v2\/comments?post=15026"}],"version-history":[{"count":1,"href":"https:\/\/basereps.com\/de\/wp-json\/wp\/v2\/product\/15026\/revisions"}],"predecessor-version":[{"id":17338,"href":"https:\/\/basereps.com\/de\/wp-json\/wp\/v2\/product\/15026\/revisions\/17338"}],"wp:featuredmedia":[{"embeddable":true,"href":"https:\/\/basereps.com\/de\/wp-json\/wp\/v2\/media\/11418"}],"wp:attachment":[{"href":"https:\/\/basereps.com\/de\/wp-json\/wp\/v2\/media?parent=15026"}],"wp:term":[{"taxonomy":"product_cat","embeddable":true,"href":"https:\/\/basereps.com\/de\/wp-json\/wp\/v2\/product_cat?post=15026"},{"taxonomy":"product_tag","embeddable":true,"href":"https:\/\/basereps.com\/de\/wp-json\/wp\/v2\/product_tag?post=15026"}],"curies":[{"name":"wp","href":"https:\/\/api.w.org\/{rel}","templated":true}]}}