{"id":15020,"date":"2023-10-31T11:09:16","date_gmt":"2023-10-31T11:09:16","guid":{"rendered":"https:\/\/basereps.com\/ikonischer-weisser-air-force-1-sneaker\/"},"modified":"2024-04-14T01:35:59","modified_gmt":"2024-04-14T01:35:59","slug":"ikonischer-weisser-air-force-1-sneaker","status":"publish","type":"product","link":"https:\/\/basereps.com\/de\/produkt\/ikonischer-weisser-air-force-1-sneaker\/","title":{"rendered":"Ikonischer wei\u00dfer Air Force 1 Sneaker"},"content":{"rendered":"<p><span data-preserver-spaces=\"true\">Die <\/span><strong><br \/>\n  <span data-preserver-spaces=\"true\">Ikonische wei\u00dfe Air Force 1 Sneaker<\/span><br \/>\n<\/strong><span data-preserver-spaces=\"true\">  ist ein zeitloses Grundnahrungsmittel f\u00fcr Schuhe. Bekannt f\u00fcr sein klassisches Design und seinen unvergleichlichen Komfort, ist dieser Sneaker ein Favorit unter Modebegeisterten und Sneakerheads. Sein strahlendes Wei\u00df verleiht jedem Outfit einen eleganten, vielseitigen Touch und macht ihn zu einer guten Wahl f\u00fcr verschiedene Stile und Anl\u00e4sse.<\/span><\/p>\n","protected":false},"excerpt":{"rendered":"<p>Die Ikonische wei\u00dfe Air Force 1 Sneaker ist ein zeitloses Grundnahrungsmittel f\u00fcr Schuhe. Bekannt f\u00fcr sein klassisches Design&hellip;<\/p>\n","protected":false},"featured_media":11656,"comment_status":"open","ping_status":"closed","template":"","meta":{"_acf_changed":false},"product_cat":[818,866,865,844,820,821],"product_tag":[687,686,876],"class_list":{"0":"post-15020","1":"product","2":"type-product","3":"status-publish","4":"has-post-thumbnail","6":"product_cat-neu-in","7":"product_cat-nike-air-force-1-reps-schuhe","8":"product_cat-nike-lifestyle-schuhe","9":"product_cat-nike-reps-schuhe","10":"product_cat-online-produkte-verkaufen","11":"product_cat-reps-schuhe","12":"product_tag-dc0773-de","13":"product_tag-frauen","14":"product_tag-maenner","15":"product_brand-nike-reps","17":"first","18":"instock","19":"sale","20":"taxable","21":"shipping-taxable","22":"purchasable","23":"product-type-variable"},"acf":[],"jetpack_sharing_enabled":true,"_links":{"self":[{"href":"https:\/\/basereps.com\/de\/wp-json\/wp\/v2\/product\/15020","targetHints":{"allow":["GET"]}}],"collection":[{"href":"https:\/\/basereps.com\/de\/wp-json\/wp\/v2\/product"}],"about":[{"href":"https:\/\/basereps.com\/de\/wp-json\/wp\/v2\/types\/product"}],"replies":[{"embeddable":true,"href":"https:\/\/basereps.com\/de\/wp-json\/wp\/v2\/comments?post=15020"}],"version-history":[{"count":1,"href":"https:\/\/basereps.com\/de\/wp-json\/wp\/v2\/product\/15020\/revisions"}],"predecessor-version":[{"id":17316,"href":"https:\/\/basereps.com\/de\/wp-json\/wp\/v2\/product\/15020\/revisions\/17316"}],"wp:featuredmedia":[{"embeddable":true,"href":"https:\/\/basereps.com\/de\/wp-json\/wp\/v2\/media\/11656"}],"wp:attachment":[{"href":"https:\/\/basereps.com\/de\/wp-json\/wp\/v2\/media?parent=15020"}],"wp:term":[{"taxonomy":"product_cat","embeddable":true,"href":"https:\/\/basereps.com\/de\/wp-json\/wp\/v2\/product_cat?post=15020"},{"taxonomy":"product_tag","embeddable":true,"href":"https:\/\/basereps.com\/de\/wp-json\/wp\/v2\/product_tag?post=15020"}],"curies":[{"name":"wp","href":"https:\/\/api.w.org\/{rel}","templated":true}]}}