{"id":14991,"date":"2023-10-31T11:13:42","date_gmt":"2023-10-31T11:13:42","guid":{"rendered":"https:\/\/basereps.com\/schicke-kleine-umhaengetasche\/"},"modified":"2024-04-13T22:48:09","modified_gmt":"2024-04-13T22:48:09","slug":"schicke-kleine-umhaengetasche","status":"publish","type":"product","link":"https:\/\/basereps.com\/de\/produkt\/schicke-kleine-umhaengetasche\/","title":{"rendered":"Schicke kleine Umh\u00e4ngetasche"},"content":{"rendered":"<p><span data-preserver-spaces=\"true\">Die <\/span><strong><br \/>\n  <span data-preserver-spaces=\"true\">Chic Small Crossbody Bag<\/span><br \/>\n<\/strong><span data-preserver-spaces=\"true\">  vereint Eleganz und Zweckm\u00e4\u00dfigkeit in einem kompakten, trendigen Paket. Ideal f\u00fcr modebewusste Menschen ist diese Tasche ein unverzichtbares Accessoire, das zu jeder Kleidung passt. Sein schlankes Design und seine optimale Gr\u00f6\u00dfe machen ihn perfekt f\u00fcr den t\u00e4glichen Gebrauch, egal ob auf den belebten Stra\u00dfen der Stadt oder bei l\u00e4ssigen Wochenendausfl\u00fcgen.<\/span><\/p>\n","protected":false},"excerpt":{"rendered":"<p>Die Chic Small Crossbody Bag vereint Eleganz und Zweckm\u00e4\u00dfigkeit in einem kompakten, trendigen Paket. Ideal f\u00fcr modebewusste Menschen&hellip;<\/p>\n","protected":false},"featured_media":11837,"comment_status":"open","ping_status":"closed","template":"","meta":{"_acf_changed":false},"product_cat":[688,789,791],"product_tag":[686],"class_list":{"0":"post-14991","1":"product","2":"type-product","3":"status-publish","4":"has-post-thumbnail","6":"product_cat-damen-replica-kollektion","7":"product_cat-replica-taschen-fuer-damen","8":"product_cat-umhaengetaschen-schultertaschen-fuer-damen","9":"product_tag-frauen","10":"product_brand-chloe-reps","12":"first","13":"instock","14":"sale","15":"taxable","16":"shipping-taxable","17":"purchasable","18":"product-type-variable"},"acf":[],"jetpack_sharing_enabled":true,"_links":{"self":[{"href":"https:\/\/basereps.com\/de\/wp-json\/wp\/v2\/product\/14991","targetHints":{"allow":["GET"]}}],"collection":[{"href":"https:\/\/basereps.com\/de\/wp-json\/wp\/v2\/product"}],"about":[{"href":"https:\/\/basereps.com\/de\/wp-json\/wp\/v2\/types\/product"}],"replies":[{"embeddable":true,"href":"https:\/\/basereps.com\/de\/wp-json\/wp\/v2\/comments?post=14991"}],"version-history":[{"count":1,"href":"https:\/\/basereps.com\/de\/wp-json\/wp\/v2\/product\/14991\/revisions"}],"predecessor-version":[{"id":17298,"href":"https:\/\/basereps.com\/de\/wp-json\/wp\/v2\/product\/14991\/revisions\/17298"}],"wp:featuredmedia":[{"embeddable":true,"href":"https:\/\/basereps.com\/de\/wp-json\/wp\/v2\/media\/11837"}],"wp:attachment":[{"href":"https:\/\/basereps.com\/de\/wp-json\/wp\/v2\/media?parent=14991"}],"wp:term":[{"taxonomy":"product_cat","embeddable":true,"href":"https:\/\/basereps.com\/de\/wp-json\/wp\/v2\/product_cat?post=14991"},{"taxonomy":"product_tag","embeddable":true,"href":"https:\/\/basereps.com\/de\/wp-json\/wp\/v2\/product_tag?post=14991"}],"curies":[{"name":"wp","href":"https:\/\/api.w.org\/{rel}","templated":true}]}}