{"id":14985,"date":"2023-10-31T11:03:43","date_gmt":"2023-10-31T11:03:43","guid":{"rendered":"https:\/\/basereps.com\/blaue-tragetasche-reps\/"},"modified":"2024-04-13T22:48:49","modified_gmt":"2024-04-13T22:48:49","slug":"blaue-tragetasche-reps","status":"publish","type":"product","link":"https:\/\/basereps.com\/de\/produkt\/blaue-tragetasche-reps\/","title":{"rendered":"Blaue Tragetasche Reps"},"content":{"rendered":"<p><span data-preserver-spaces=\"true\">Tauchen Sie ein in die lebendige Eleganz der <\/span><strong><br \/>\n  <span data-preserver-spaces=\"true\">Blauen Tragetasche Reps<\/span><br \/>\n<\/strong><span data-preserver-spaces=\"true\">, eine Verschmelzung von Funktionalit\u00e4t und schickem Stil. Diese Replikate sind f\u00fcr modebewusste Menschen gedacht und verleihen jedem Ensemble einen Hauch von Farbe. Die  <\/span><strong><span data-preserver-spaces=\"true\">Blaue Tragetasche Reps<\/span><\/strong><span data-preserver-spaces=\"true\">  fangen die Essenz des zeitgen\u00f6ssischen Designs ein und vereinen Funktionalit\u00e4t mit der Anziehungskraft eines auffallenden Blautons. Ideal f\u00fcr den t\u00e4glichen Gebrauch und besondere Anl\u00e4sse sind diese Taschen ebenso vielseitig wie auffallend.<\/span><\/p>\n","protected":false},"excerpt":{"rendered":"<p>Tauchen Sie ein in die lebendige Eleganz der Blauen Tragetasche Reps , eine Verschmelzung von Funktionalit\u00e4t und schickem&hellip;<\/p>\n","protected":false},"featured_media":19693,"comment_status":"open","ping_status":"closed","template":"","meta":{"_acf_changed":false},"product_cat":[688,818,820,789,792],"product_tag":[686],"class_list":{"0":"post-14985","1":"product","2":"type-product","3":"status-publish","4":"has-post-thumbnail","6":"product_cat-damen-replica-kollektion","7":"product_cat-neu-in","8":"product_cat-online-produkte-verkaufen","9":"product_cat-replica-taschen-fuer-damen","10":"product_cat-tote-bags-fuer-damen","11":"product_tag-frauen","12":"product_brand-christian-dior-reps","14":"first","15":"instock","16":"sale","17":"taxable","18":"shipping-taxable","19":"purchasable","20":"product-type-variable"},"acf":[],"jetpack_sharing_enabled":true,"_links":{"self":[{"href":"https:\/\/basereps.com\/de\/wp-json\/wp\/v2\/product\/14985","targetHints":{"allow":["GET"]}}],"collection":[{"href":"https:\/\/basereps.com\/de\/wp-json\/wp\/v2\/product"}],"about":[{"href":"https:\/\/basereps.com\/de\/wp-json\/wp\/v2\/types\/product"}],"replies":[{"embeddable":true,"href":"https:\/\/basereps.com\/de\/wp-json\/wp\/v2\/comments?post=14985"}],"version-history":[{"count":1,"href":"https:\/\/basereps.com\/de\/wp-json\/wp\/v2\/product\/14985\/revisions"}],"predecessor-version":[{"id":17334,"href":"https:\/\/basereps.com\/de\/wp-json\/wp\/v2\/product\/14985\/revisions\/17334"}],"wp:featuredmedia":[{"embeddable":true,"href":"https:\/\/basereps.com\/de\/wp-json\/wp\/v2\/media\/19693"}],"wp:attachment":[{"href":"https:\/\/basereps.com\/de\/wp-json\/wp\/v2\/media?parent=14985"}],"wp:term":[{"taxonomy":"product_cat","embeddable":true,"href":"https:\/\/basereps.com\/de\/wp-json\/wp\/v2\/product_cat?post=14985"},{"taxonomy":"product_tag","embeddable":true,"href":"https:\/\/basereps.com\/de\/wp-json\/wp\/v2\/product_tag?post=14985"}],"curies":[{"name":"wp","href":"https:\/\/api.w.org\/{rel}","templated":true}]}}